{"id":20,"date":"2020-06-01T09:23:22","date_gmt":"2020-06-01T09:23:22","guid":{"rendered":"https:\/\/marketing.thes-infusions.com\/?page_id=20"},"modified":"2020-06-01T13:47:24","modified_gmt":"2020-06-01T13:47:24","slug":"le-nouveau-e-mucem-ouvre-ses-portes-2","status":"publish","type":"page","link":"https:\/\/marketing.thes-infusions.com\/","title":{"rendered":"La boutique du th\u00e9 et des infusions"},"content":{"rendered":"\n<div class=\"wp-block-group alignwide\"><div class=\"wp-block-group__inner-container is-layout-flow wp-block-group-is-layout-flow\">\n<p>Sp\u00e9cialiste de la vente de th\u00e9s, infusions et accessoires pour la pr\u00e9paration du th\u00e9 tels que th\u00e9i\u00e8res, bols, filtres, boites\u2026<\/p>\n\n\n\n<p>Notre s\u00e9lection de th\u00e9s vous est pr\u00e9sent\u00e9e par types (th\u00e9 vert, th\u00e9 noir, blanc, fum\u00e9 \u2026) et par origines. Nous vous proposons une large gamme de th\u00e9s grands crus, th\u00e9s&nbsp; bio, th\u00e9s d\u00e9th\u00e9in\u00e9s et th\u00e9s parfum\u00e9s.<\/p>\n\n\n\n<p>Pour agr\u00e9menter la d\u00e9gustation de votre th\u00e9 favori nous vous proposons diverses douceurs, miel, confitures, bonbons et biscuits. Nous sommes \u00e9galement sp\u00e9cialistes de la vente de douceurs traditionelles fran\u00e7aises et bonbons artisanaux.<\/p>\n<\/div><\/div>\n\n\n\n<div class=\"wp-block-columns alignwide is-layout-flex wp-container-core-columns-is-layout-9d6595d7 wp-block-columns-is-layout-flex\">\n<div class=\"wp-block-column is-layout-flow wp-block-column-is-layout-flow\">\n<div class=\"wp-block-group\"><div class=\"wp-block-group__inner-container is-layout-flow wp-block-group-is-layout-flow\">\n<figure class=\"wp-block-image alignfull size-large\"><a href=\"https:\/\/www.thes-infusions.com\/index.php?page=thes&amp;id=3\"><img loading=\"lazy\" decoding=\"async\" width=\"700\" height=\"700\" src=\"https:\/\/marketing.thes-infusions.com\/wp-content\/uploads\/2020\/06\/vert-reglisse_TVP020_2013_700x0.jpg\" alt=\"Th\u00e9 vert\" class=\"wp-image-47\" srcset=\"https:\/\/marketing.thes-infusions.com\/wp-content\/uploads\/2020\/06\/vert-reglisse_TVP020_2013_700x0.jpg 700w, https:\/\/marketing.thes-infusions.com\/wp-content\/uploads\/2020\/06\/vert-reglisse_TVP020_2013_700x0-300x300.jpg 300w, https:\/\/marketing.thes-infusions.com\/wp-content\/uploads\/2020\/06\/vert-reglisse_TVP020_2013_700x0-150x150.jpg 150w\" sizes=\"auto, (max-width: 700px) 100vw, 700px\" \/><\/a><\/figure>\n\n\n\n<h3 class=\"has-primary-color has-text-color has-text-align-center wp-block-heading\"><a href=\"https:\/\/www.thes-infusions.com\/index.php?page=thes&amp;id=3\">Th\u00e9s<\/a><\/h3>\n<\/div><\/div>\n\n\n\n<div class=\"wp-block-group is-layout-flow wp-block-group-is-layout-flow\"><div class=\"wp-block-group__inner-container\"><\/div><\/div>\n<\/div>\n\n\n\n<div class=\"wp-block-column is-layout-flow wp-block-column-is-layout-flow\">\n<div class=\"wp-block-group\"><div class=\"wp-block-group__inner-container is-layout-flow wp-block-group-is-layout-flow\">\n<figure class=\"wp-block-image alignfull size-large\"><a href=\"https:\/\/www.thes-infusions.com\/index.php?page=infusions&amp;id=4\"><img loading=\"lazy\" decoding=\"async\" width=\"700\" height=\"700\" src=\"https:\/\/marketing.thes-infusions.com\/wp-content\/uploads\/2020\/06\/ti-zann-de-mamie_TIZ006_1613_700x0.jpg\" alt=\"Infusions\" class=\"wp-image-46\" srcset=\"https:\/\/marketing.thes-infusions.com\/wp-content\/uploads\/2020\/06\/ti-zann-de-mamie_TIZ006_1613_700x0.jpg 700w, https:\/\/marketing.thes-infusions.com\/wp-content\/uploads\/2020\/06\/ti-zann-de-mamie_TIZ006_1613_700x0-300x300.jpg 300w, https:\/\/marketing.thes-infusions.com\/wp-content\/uploads\/2020\/06\/ti-zann-de-mamie_TIZ006_1613_700x0-150x150.jpg 150w\" sizes=\"auto, (max-width: 700px) 100vw, 700px\" \/><\/a><\/figure>\n\n\n\n<h3 class=\"has-primary-color has-text-color has-text-align-center wp-block-heading\"><a href=\"https:\/\/www.thes-infusions.com\/index.php?page=infusions&amp;id=4\">Infusions<\/a><\/h3>\n<\/div><\/div>\n\n\n\n<div class=\"wp-block-group is-layout-flow wp-block-group-is-layout-flow\"><div class=\"wp-block-group__inner-container\"><\/div><\/div>\n<\/div>\n<\/div>\n","protected":false},"excerpt":{"rendered":"<p>Sp\u00e9cialiste de la vente de th\u00e9s, infusions et accessoires pour la pr\u00e9paration du th\u00e9 tels que th\u00e9i\u00e8res, bols, filtres, boites\u2026 Notre s\u00e9lection de th\u00e9s vous est pr\u00e9sent\u00e9e par types (th\u00e9 vert, th\u00e9 noir, blanc, fum\u00e9 \u2026) et par origines. Nous vous proposons une large gamme de th\u00e9s grands crus, th\u00e9s&nbsp; bio, th\u00e9s d\u00e9th\u00e9in\u00e9s et th\u00e9s [&hellip;]<\/p>\n","protected":false},"author":1,"featured_media":0,"parent":0,"menu_order":0,"comment_status":"closed","ping_status":"closed","template":"","meta":{"footnotes":""},"class_list":["post-20","page","type-page","status-publish","hentry"],"yoast_head":"<!-- This site is optimized with the Yoast SEO plugin v27.6 - https:\/\/yoast.com\/product\/yoast-seo-wordpress\/ -->\n<title>La boutique du th\u00e9 et des infusions - Th\u00e9s Infusions<\/title>\n<meta name=\"robots\" content=\"index, follow, max-snippet:-1, max-image-preview:large, max-video-preview:-1\" \/>\n<link rel=\"canonical\" href=\"https:\/\/marketing.thes-infusions.com\/\" \/>\n<meta property=\"og:locale\" content=\"fr_FR\" \/>\n<meta property=\"og:type\" content=\"article\" \/>\n<meta property=\"og:title\" content=\"La boutique du th\u00e9 et des infusions - Th\u00e9s Infusions\" \/>\n<meta property=\"og:description\" content=\"Sp\u00e9cialiste de la vente de th\u00e9s, infusions et accessoires pour la pr\u00e9paration du th\u00e9 tels que th\u00e9i\u00e8res, bols, filtres, boites\u2026 Notre s\u00e9lection de th\u00e9s vous est pr\u00e9sent\u00e9e par types (th\u00e9 vert, th\u00e9 noir, blanc, fum\u00e9 \u2026) et par origines. Nous vous proposons une large gamme de th\u00e9s grands crus, th\u00e9s&nbsp; bio, th\u00e9s d\u00e9th\u00e9in\u00e9s et th\u00e9s [&hellip;]\" \/>\n<meta property=\"og:url\" content=\"https:\/\/marketing.thes-infusions.com\/\" \/>\n<meta property=\"og:site_name\" content=\"Th\u00e9s Infusions\" \/>\n<meta property=\"article:modified_time\" content=\"2020-06-01T13:47:24+00:00\" \/>\n<meta property=\"og:image\" content=\"https:\/\/marketing.thes-infusions.com\/wp-content\/uploads\/2020\/06\/vert-reglisse_TVP020_2013_700x0.jpg\" \/>\n<meta name=\"twitter:card\" content=\"summary_large_image\" \/>\n<meta name=\"twitter:label1\" content=\"Dur\u00e9e de lecture estim\u00e9e\" \/>\n\t<meta name=\"twitter:data1\" content=\"1 minute\" \/>\n<script type=\"application\/ld+json\" class=\"yoast-schema-graph\">{\"@context\":\"https:\\\/\\\/schema.org\",\"@graph\":[{\"@type\":\"WebPage\",\"@id\":\"https:\\\/\\\/marketing.thes-infusions.com\\\/\",\"url\":\"https:\\\/\\\/marketing.thes-infusions.com\\\/\",\"name\":\"La boutique du th\u00e9 et des infusions - Th\u00e9s Infusions\",\"isPartOf\":{\"@id\":\"https:\\\/\\\/marketing.thes-infusions.com\\\/#website\"},\"primaryImageOfPage\":{\"@id\":\"https:\\\/\\\/marketing.thes-infusions.com\\\/#primaryimage\"},\"image\":{\"@id\":\"https:\\\/\\\/marketing.thes-infusions.com\\\/#primaryimage\"},\"thumbnailUrl\":\"https:\\\/\\\/marketing.thes-infusions.com\\\/wp-content\\\/uploads\\\/2020\\\/06\\\/vert-reglisse_TVP020_2013_700x0.jpg\",\"datePublished\":\"2020-06-01T09:23:22+00:00\",\"dateModified\":\"2020-06-01T13:47:24+00:00\",\"breadcrumb\":{\"@id\":\"https:\\\/\\\/marketing.thes-infusions.com\\\/#breadcrumb\"},\"inLanguage\":\"fr-FR\",\"potentialAction\":[{\"@type\":\"ReadAction\",\"target\":[\"https:\\\/\\\/marketing.thes-infusions.com\\\/\"]}]},{\"@type\":\"ImageObject\",\"inLanguage\":\"fr-FR\",\"@id\":\"https:\\\/\\\/marketing.thes-infusions.com\\\/#primaryimage\",\"url\":\"https:\\\/\\\/marketing.thes-infusions.com\\\/wp-content\\\/uploads\\\/2020\\\/06\\\/vert-reglisse_TVP020_2013_700x0.jpg\",\"contentUrl\":\"https:\\\/\\\/marketing.thes-infusions.com\\\/wp-content\\\/uploads\\\/2020\\\/06\\\/vert-reglisse_TVP020_2013_700x0.jpg\",\"width\":700,\"height\":700,\"caption\":\"Th\u00e9 vert\"},{\"@type\":\"BreadcrumbList\",\"@id\":\"https:\\\/\\\/marketing.thes-infusions.com\\\/#breadcrumb\",\"itemListElement\":[{\"@type\":\"ListItem\",\"position\":1,\"name\":\"Accueil\",\"item\":\"https:\\\/\\\/marketing.thes-infusions.com\\\/\"},{\"@type\":\"ListItem\",\"position\":2,\"name\":\"La boutique du th\u00e9 et des infusions\"}]},{\"@type\":\"WebSite\",\"@id\":\"https:\\\/\\\/marketing.thes-infusions.com\\\/#website\",\"url\":\"https:\\\/\\\/marketing.thes-infusions.com\\\/\",\"name\":\"Th\u00e9s Infusions\",\"description\":\"Sp\u00e9cialiste de la vente de th\u00e9s, infusions et accessoires\",\"publisher\":{\"@id\":\"https:\\\/\\\/marketing.thes-infusions.com\\\/#organization\"},\"potentialAction\":[{\"@type\":\"SearchAction\",\"target\":{\"@type\":\"EntryPoint\",\"urlTemplate\":\"https:\\\/\\\/marketing.thes-infusions.com\\\/?s={search_term_string}\"},\"query-input\":{\"@type\":\"PropertyValueSpecification\",\"valueRequired\":true,\"valueName\":\"search_term_string\"}}],\"inLanguage\":\"fr-FR\"},{\"@type\":\"Organization\",\"@id\":\"https:\\\/\\\/marketing.thes-infusions.com\\\/#organization\",\"name\":\"Th\u00e9s Infusions\",\"url\":\"https:\\\/\\\/marketing.thes-infusions.com\\\/\",\"logo\":{\"@type\":\"ImageObject\",\"inLanguage\":\"fr-FR\",\"@id\":\"https:\\\/\\\/marketing.thes-infusions.com\\\/#\\\/schema\\\/logo\\\/image\\\/\",\"url\":\"https:\\\/\\\/marketing.thes-infusions.com\\\/wp-content\\\/uploads\\\/2020\\\/06\\\/cropped-logo.png\",\"contentUrl\":\"https:\\\/\\\/marketing.thes-infusions.com\\\/wp-content\\\/uploads\\\/2020\\\/06\\\/cropped-logo.png\",\"width\":271,\"height\":100,\"caption\":\"Th\u00e9s Infusions\"},\"image\":{\"@id\":\"https:\\\/\\\/marketing.thes-infusions.com\\\/#\\\/schema\\\/logo\\\/image\\\/\"}}]}<\/script>\n<!-- \/ Yoast SEO plugin. -->","yoast_head_json":{"title":"La boutique du th\u00e9 et des infusions - Th\u00e9s Infusions","robots":{"index":"index","follow":"follow","max-snippet":"max-snippet:-1","max-image-preview":"max-image-preview:large","max-video-preview":"max-video-preview:-1"},"canonical":"https:\/\/marketing.thes-infusions.com\/","og_locale":"fr_FR","og_type":"article","og_title":"La boutique du th\u00e9 et des infusions - Th\u00e9s Infusions","og_description":"Sp\u00e9cialiste de la vente de th\u00e9s, infusions et accessoires pour la pr\u00e9paration du th\u00e9 tels que th\u00e9i\u00e8res, bols, filtres, boites\u2026 Notre s\u00e9lection de th\u00e9s vous est pr\u00e9sent\u00e9e par types (th\u00e9 vert, th\u00e9 noir, blanc, fum\u00e9 \u2026) et par origines. Nous vous proposons une large gamme de th\u00e9s grands crus, th\u00e9s&nbsp; bio, th\u00e9s d\u00e9th\u00e9in\u00e9s et th\u00e9s [&hellip;]","og_url":"https:\/\/marketing.thes-infusions.com\/","og_site_name":"Th\u00e9s Infusions","article_modified_time":"2020-06-01T13:47:24+00:00","og_image":[{"url":"https:\/\/marketing.thes-infusions.com\/wp-content\/uploads\/2020\/06\/vert-reglisse_TVP020_2013_700x0.jpg","type":"","width":"","height":""}],"twitter_card":"summary_large_image","twitter_misc":{"Dur\u00e9e de lecture estim\u00e9e":"1 minute"},"schema":{"@context":"https:\/\/schema.org","@graph":[{"@type":"WebPage","@id":"https:\/\/marketing.thes-infusions.com\/","url":"https:\/\/marketing.thes-infusions.com\/","name":"La boutique du th\u00e9 et des infusions - Th\u00e9s Infusions","isPartOf":{"@id":"https:\/\/marketing.thes-infusions.com\/#website"},"primaryImageOfPage":{"@id":"https:\/\/marketing.thes-infusions.com\/#primaryimage"},"image":{"@id":"https:\/\/marketing.thes-infusions.com\/#primaryimage"},"thumbnailUrl":"https:\/\/marketing.thes-infusions.com\/wp-content\/uploads\/2020\/06\/vert-reglisse_TVP020_2013_700x0.jpg","datePublished":"2020-06-01T09:23:22+00:00","dateModified":"2020-06-01T13:47:24+00:00","breadcrumb":{"@id":"https:\/\/marketing.thes-infusions.com\/#breadcrumb"},"inLanguage":"fr-FR","potentialAction":[{"@type":"ReadAction","target":["https:\/\/marketing.thes-infusions.com\/"]}]},{"@type":"ImageObject","inLanguage":"fr-FR","@id":"https:\/\/marketing.thes-infusions.com\/#primaryimage","url":"https:\/\/marketing.thes-infusions.com\/wp-content\/uploads\/2020\/06\/vert-reglisse_TVP020_2013_700x0.jpg","contentUrl":"https:\/\/marketing.thes-infusions.com\/wp-content\/uploads\/2020\/06\/vert-reglisse_TVP020_2013_700x0.jpg","width":700,"height":700,"caption":"Th\u00e9 vert"},{"@type":"BreadcrumbList","@id":"https:\/\/marketing.thes-infusions.com\/#breadcrumb","itemListElement":[{"@type":"ListItem","position":1,"name":"Accueil","item":"https:\/\/marketing.thes-infusions.com\/"},{"@type":"ListItem","position":2,"name":"La boutique du th\u00e9 et des infusions"}]},{"@type":"WebSite","@id":"https:\/\/marketing.thes-infusions.com\/#website","url":"https:\/\/marketing.thes-infusions.com\/","name":"Th\u00e9s Infusions","description":"Sp\u00e9cialiste de la vente de th\u00e9s, infusions et accessoires","publisher":{"@id":"https:\/\/marketing.thes-infusions.com\/#organization"},"potentialAction":[{"@type":"SearchAction","target":{"@type":"EntryPoint","urlTemplate":"https:\/\/marketing.thes-infusions.com\/?s={search_term_string}"},"query-input":{"@type":"PropertyValueSpecification","valueRequired":true,"valueName":"search_term_string"}}],"inLanguage":"fr-FR"},{"@type":"Organization","@id":"https:\/\/marketing.thes-infusions.com\/#organization","name":"Th\u00e9s Infusions","url":"https:\/\/marketing.thes-infusions.com\/","logo":{"@type":"ImageObject","inLanguage":"fr-FR","@id":"https:\/\/marketing.thes-infusions.com\/#\/schema\/logo\/image\/","url":"https:\/\/marketing.thes-infusions.com\/wp-content\/uploads\/2020\/06\/cropped-logo.png","contentUrl":"https:\/\/marketing.thes-infusions.com\/wp-content\/uploads\/2020\/06\/cropped-logo.png","width":271,"height":100,"caption":"Th\u00e9s Infusions"},"image":{"@id":"https:\/\/marketing.thes-infusions.com\/#\/schema\/logo\/image\/"}}]}},"_links":{"self":[{"href":"https:\/\/marketing.thes-infusions.com\/index.php\/wp-json\/wp\/v2\/pages\/20","targetHints":{"allow":["GET"]}}],"collection":[{"href":"https:\/\/marketing.thes-infusions.com\/index.php\/wp-json\/wp\/v2\/pages"}],"about":[{"href":"https:\/\/marketing.thes-infusions.com\/index.php\/wp-json\/wp\/v2\/types\/page"}],"author":[{"embeddable":true,"href":"https:\/\/marketing.thes-infusions.com\/index.php\/wp-json\/wp\/v2\/users\/1"}],"replies":[{"embeddable":true,"href":"https:\/\/marketing.thes-infusions.com\/index.php\/wp-json\/wp\/v2\/comments?post=20"}],"version-history":[{"count":8,"href":"https:\/\/marketing.thes-infusions.com\/index.php\/wp-json\/wp\/v2\/pages\/20\/revisions"}],"predecessor-version":[{"id":69,"href":"https:\/\/marketing.thes-infusions.com\/index.php\/wp-json\/wp\/v2\/pages\/20\/revisions\/69"}],"wp:attachment":[{"href":"https:\/\/marketing.thes-infusions.com\/index.php\/wp-json\/wp\/v2\/media?parent=20"}],"curies":[{"name":"wp","href":"https:\/\/api.w.org\/{rel}","templated":true}]}}